{"id":18,"date":"2022-05-02T10:16:55","date_gmt":"2022-05-02T08:16:55","guid":{"rendered":"http:\/\/taxibem.cluster031.hosting.ovh.net\/panier\/"},"modified":"2022-05-02T16:01:37","modified_gmt":"2022-05-02T14:01:37","slug":"panier","status":"publish","type":"page","link":"https:\/\/taxi-beauvais-aeroport.com\/ro\/cos\/","title":{"rendered":"Co\u015f"},"content":{"rendered":"<div data-elementor-type=\"wp-page\" data-elementor-id=\"18\" class=\"elementor elementor-18\" data-elementor-post-type=\"page\">\n\t\t\t\t\t\t<section class=\"elementor-section elementor-top-section elementor-element elementor-element-cd24423 elementor-section-boxed elementor-section-height-default elementor-section-height-default\" data-id=\"cd24423\" data-element_type=\"section\" data-e-type=\"section\">\n\t\t\t\t\t\t<div class=\"elementor-container elementor-column-gap-default\">\n\t\t\t\t\t<div class=\"elementor-column elementor-col-100 elementor-top-column elementor-element elementor-element-6dc7eba\" data-id=\"6dc7eba\" data-element_type=\"column\" data-e-type=\"column\">\n\t\t\t<div class=\"elementor-widget-wrap elementor-element-populated\">\n\t\t\t\t\t\t<div class=\"elementor-element elementor-element-1422b8e elementor-widget elementor-widget-heading\" data-id=\"1422b8e\" data-element_type=\"widget\" data-e-type=\"widget\" data-widget_type=\"heading.default\">\n\t\t\t\t<div class=\"elementor-widget-container\">\n\t\t\t\t\t<h1 class=\"elementor-heading-title elementor-size-default\">Rezervari de platit<\/h1>\t\t\t\t<\/div>\n\t\t\t\t<\/div>\n\t\t\t\t\t<\/div>\n\t\t<\/div>\n\t\t\t\t\t<\/div>\n\t\t<\/section>\n\t\t\t\t<section class=\"elementor-section elementor-top-section elementor-element elementor-element-12e91afb elementor-section-boxed elementor-section-height-default elementor-section-height-default\" data-id=\"12e91afb\" data-element_type=\"section\" data-e-type=\"section\">\n\t\t\t\t\t\t<div class=\"elementor-container elementor-column-gap-default\">\n\t\t\t\t\t<div class=\"elementor-column elementor-col-100 elementor-top-column elementor-element elementor-element-611ed728\" data-id=\"611ed728\" data-element_type=\"column\" data-e-type=\"column\">\n\t\t\t<div class=\"elementor-widget-wrap elementor-element-populated\">\n\t\t\t\t\t\t<div class=\"elementor-element elementor-element-6047066d elementor-widget elementor-widget-text-editor\" data-id=\"6047066d\" data-element_type=\"widget\" data-e-type=\"widget\" data-widget_type=\"text-editor.default\">\n\t\t\t\t<div class=\"elementor-widget-container\">\n\t\t\t\t\t\t\t\t\t<p>[co\u0219_woocommerce]<\/p>\n\t\t\t\t\t\t\t\t<\/div>\n\t\t\t\t<\/div>\n\t\t\t\t\t<\/div>\n\t\t<\/div>\n\t\t\t\t\t<\/div>\n\t\t<\/section>\n\t\t\t\t<\/div>","protected":false},"excerpt":{"rendered":"<p>Rezervari de platit<\/p>","protected":false},"author":3,"featured_media":0,"parent":0,"menu_order":0,"comment_status":"closed","ping_status":"closed","template":"","meta":{"footnotes":""},"class_list":["post-18","page","type-page","status-publish","hentry"],"yoast_head":"<!-- This site is optimized with the Yoast SEO plugin v27.2 - https:\/\/yoast.com\/product\/yoast-seo-wordpress\/ -->\n<title>Panier - Taxi A\u00e9roport Beauvais<\/title>\n<meta name=\"robots\" content=\"index, follow, max-snippet:-1, max-image-preview:large, max-video-preview:-1\" \/>\n<link rel=\"canonical\" href=\"https:\/\/taxi-beauvais-aeroport.com\/ro\/basket\/\" \/>\n<meta property=\"og:locale\" content=\"ro_RO\" \/>\n<meta property=\"og:type\" content=\"article\" \/>\n<meta property=\"og:title\" content=\"Panier - Taxi A\u00e9roport Beauvais\" \/>\n<meta property=\"og:description\" content=\"R\u00e9servations \u00e0 payer\" \/>\n<meta property=\"og:url\" content=\"https:\/\/taxi-beauvais-aeroport.com\/ro\/basket\/\" \/>\n<meta property=\"og:site_name\" content=\"Taxi A\u00e9roport Beauvais\" \/>\n<meta property=\"article:modified_time\" content=\"2022-05-02T14:01:37+00:00\" \/>\n<meta property=\"og:image\" content=\"https:\/\/taxi-beauvais-aeroport.com\/wp-content\/uploads\/2024\/02\/taxi-paris-beauvais.jpg\" \/>\n\t<meta property=\"og:image:width\" content=\"800\" \/>\n\t<meta property=\"og:image:height\" content=\"350\" \/>\n\t<meta property=\"og:image:type\" content=\"image\/jpeg\" \/>\n<meta name=\"twitter:card\" content=\"summary_large_image\" \/>\n<meta name=\"twitter:label1\" content=\"Timp estimat pentru citire\" \/>\n\t<meta name=\"twitter:data1\" content=\"1 minut\" \/>\n<script type=\"application\/ld+json\" class=\"yoast-schema-graph\">{\"@context\":\"https:\/\/schema.org\",\"@graph\":[{\"@type\":\"WebPage\",\"@id\":\"https:\/\/taxi-beauvais-aeroport.com\/en\/basket\/\",\"url\":\"https:\/\/taxi-beauvais-aeroport.com\/en\/basket\/\",\"name\":\"Panier - Taxi A\u00e9roport Beauvais\",\"isPartOf\":{\"@id\":\"https:\/\/taxi-beauvais-aeroport.com\/#website\"},\"datePublished\":\"2022-05-02T08:16:55+00:00\",\"dateModified\":\"2022-05-02T14:01:37+00:00\",\"breadcrumb\":{\"@id\":\"https:\/\/taxi-beauvais-aeroport.com\/en\/basket\/#breadcrumb\"},\"inLanguage\":\"ro-RO\",\"potentialAction\":[{\"@type\":\"ReadAction\",\"target\":[\"https:\/\/taxi-beauvais-aeroport.com\/en\/basket\/\"]}]},{\"@type\":\"BreadcrumbList\",\"@id\":\"https:\/\/taxi-beauvais-aeroport.com\/en\/basket\/#breadcrumb\",\"itemListElement\":[{\"@type\":\"ListItem\",\"position\":1,\"name\":\"Accueil\",\"item\":\"https:\/\/taxi-beauvais-aeroport.com\/\"},{\"@type\":\"ListItem\",\"position\":2,\"name\":\"Panier\"}]},{\"@type\":\"WebSite\",\"@id\":\"https:\/\/taxi-beauvais-aeroport.com\/#website\",\"url\":\"https:\/\/taxi-beauvais-aeroport.com\/\",\"name\":\"Taxi a\u00e9roport Beauvais\",\"description\":\"Taxi a\u00e9roport Beauvais pas cher\",\"publisher\":{\"@id\":\"https:\/\/taxi-beauvais-aeroport.com\/#organization\"},\"alternateName\":\"Taxi a\u00e9roport Beauvais\",\"potentialAction\":[{\"@type\":\"SearchAction\",\"target\":{\"@type\":\"EntryPoint\",\"urlTemplate\":\"https:\/\/taxi-beauvais-aeroport.com\/?s={search_term_string}\"},\"query-input\":{\"@type\":\"PropertyValueSpecification\",\"valueRequired\":true,\"valueName\":\"search_term_string\"}}],\"inLanguage\":\"ro-RO\"},{\"@type\":\"Organization\",\"@id\":\"https:\/\/taxi-beauvais-aeroport.com\/#organization\",\"name\":\"Taxi Beauvais A\u00e9roport\",\"alternateName\":\"Taxi a\u00e9roport Beauvais\",\"url\":\"https:\/\/taxi-beauvais-aeroport.com\/\",\"logo\":{\"@type\":\"ImageObject\",\"inLanguage\":\"ro-RO\",\"@id\":\"https:\/\/taxi-beauvais-aeroport.com\/#\/schema\/logo\/image\/\",\"url\":\"https:\/\/taxi-beauvais-aeroport.com\/wp-content\/uploads\/2022\/09\/class-v-580x375-1-1.webp\",\"contentUrl\":\"https:\/\/taxi-beauvais-aeroport.com\/wp-content\/uploads\/2022\/09\/class-v-580x375-1-1.webp\",\"width\":580,\"height\":375,\"caption\":\"Taxi Beauvais A\u00e9roport\"},\"image\":{\"@id\":\"https:\/\/taxi-beauvais-aeroport.com\/#\/schema\/logo\/image\/\"}}]}<\/script>\n<!-- \/ Yoast SEO plugin. -->","yoast_head_json":{"title":"Panier - Taxi A\u00e9roport Beauvais","robots":{"index":"index","follow":"follow","max-snippet":"max-snippet:-1","max-image-preview":"max-image-preview:large","max-video-preview":"max-video-preview:-1"},"canonical":"https:\/\/taxi-beauvais-aeroport.com\/ro\/basket\/","og_locale":"ro_RO","og_type":"article","og_title":"Panier - Taxi A\u00e9roport Beauvais","og_description":"R\u00e9servations \u00e0 payer","og_url":"https:\/\/taxi-beauvais-aeroport.com\/ro\/basket\/","og_site_name":"Taxi A\u00e9roport Beauvais","article_modified_time":"2022-05-02T14:01:37+00:00","og_image":[{"width":800,"height":350,"url":"https:\/\/taxi-beauvais-aeroport.com\/wp-content\/uploads\/2024\/02\/taxi-paris-beauvais.jpg","type":"image\/jpeg"}],"twitter_card":"summary_large_image","twitter_misc":{"Timp estimat pentru citire":"1 minut"},"schema":{"@context":"https:\/\/schema.org","@graph":[{"@type":"WebPage","@id":"https:\/\/taxi-beauvais-aeroport.com\/en\/basket\/","url":"https:\/\/taxi-beauvais-aeroport.com\/en\/basket\/","name":"Panier - Taxi A\u00e9roport Beauvais","isPartOf":{"@id":"https:\/\/taxi-beauvais-aeroport.com\/#website"},"datePublished":"2022-05-02T08:16:55+00:00","dateModified":"2022-05-02T14:01:37+00:00","breadcrumb":{"@id":"https:\/\/taxi-beauvais-aeroport.com\/en\/basket\/#breadcrumb"},"inLanguage":"ro-RO","potentialAction":[{"@type":"ReadAction","target":["https:\/\/taxi-beauvais-aeroport.com\/en\/basket\/"]}]},{"@type":"BreadcrumbList","@id":"https:\/\/taxi-beauvais-aeroport.com\/en\/basket\/#breadcrumb","itemListElement":[{"@type":"ListItem","position":1,"name":"Accueil","item":"https:\/\/taxi-beauvais-aeroport.com\/"},{"@type":"ListItem","position":2,"name":"Panier"}]},{"@type":"WebSite","@id":"https:\/\/taxi-beauvais-aeroport.com\/#website","url":"https:\/\/taxi-beauvais-aeroport.com\/","name":"Taxi a\u00e9roport Beauvais","description":"Taxi a\u00e9roport Beauvais pas cher","publisher":{"@id":"https:\/\/taxi-beauvais-aeroport.com\/#organization"},"alternateName":"Taxi a\u00e9roport Beauvais","potentialAction":[{"@type":"SearchAction","target":{"@type":"EntryPoint","urlTemplate":"https:\/\/taxi-beauvais-aeroport.com\/?s={search_term_string}"},"query-input":{"@type":"PropertyValueSpecification","valueRequired":true,"valueName":"search_term_string"}}],"inLanguage":"ro-RO"},{"@type":"Organization","@id":"https:\/\/taxi-beauvais-aeroport.com\/#organization","name":"Taxi Beauvais A\u00e9roport","alternateName":"Taxi a\u00e9roport Beauvais","url":"https:\/\/taxi-beauvais-aeroport.com\/","logo":{"@type":"ImageObject","inLanguage":"ro-RO","@id":"https:\/\/taxi-beauvais-aeroport.com\/#\/schema\/logo\/image\/","url":"https:\/\/taxi-beauvais-aeroport.com\/wp-content\/uploads\/2022\/09\/class-v-580x375-1-1.webp","contentUrl":"https:\/\/taxi-beauvais-aeroport.com\/wp-content\/uploads\/2022\/09\/class-v-580x375-1-1.webp","width":580,"height":375,"caption":"Taxi Beauvais A\u00e9roport"},"image":{"@id":"https:\/\/taxi-beauvais-aeroport.com\/#\/schema\/logo\/image\/"}}]}},"_links":{"self":[{"href":"https:\/\/taxi-beauvais-aeroport.com\/ro\/wp-json\/wp\/v2\/pages\/18","targetHints":{"allow":["GET"]}}],"collection":[{"href":"https:\/\/taxi-beauvais-aeroport.com\/ro\/wp-json\/wp\/v2\/pages"}],"about":[{"href":"https:\/\/taxi-beauvais-aeroport.com\/ro\/wp-json\/wp\/v2\/types\/page"}],"author":[{"embeddable":true,"href":"https:\/\/taxi-beauvais-aeroport.com\/ro\/wp-json\/wp\/v2\/users\/3"}],"replies":[{"embeddable":true,"href":"https:\/\/taxi-beauvais-aeroport.com\/ro\/wp-json\/wp\/v2\/comments?post=18"}],"version-history":[{"count":0,"href":"https:\/\/taxi-beauvais-aeroport.com\/ro\/wp-json\/wp\/v2\/pages\/18\/revisions"}],"wp:attachment":[{"href":"https:\/\/taxi-beauvais-aeroport.com\/ro\/wp-json\/wp\/v2\/media?parent=18"}],"curies":[{"name":"wp","href":"https:\/\/api.w.org\/{rel}","templated":true}]}}