{"id":739,"date":"2022-05-05T10:26:25","date_gmt":"2022-05-05T08:26:25","guid":{"rendered":"http:\/\/taxibem.cluster031.hosting.ovh.net\/?page_id=739"},"modified":"2023-08-12T14:49:27","modified_gmt":"2023-08-12T12:49:27","slug":"connexion","status":"publish","type":"page","link":"https:\/\/taxi-beauvais-aeroport.com\/it\/connessione\/","title":{"rendered":"Login"},"content":{"rendered":"<div data-elementor-type=\"wp-page\" data-elementor-id=\"739\" class=\"elementor elementor-739\" data-elementor-post-type=\"page\">\n\t\t\t\t\t\t<section class=\"elementor-section elementor-top-section elementor-element elementor-element-73860c7 elementor-section-height-min-height elementor-section-boxed elementor-section-height-default elementor-section-items-middle\" data-id=\"73860c7\" data-element_type=\"section\" data-e-type=\"section\" data-settings=\"{&quot;background_background&quot;:&quot;classic&quot;}\">\n\t\t\t\t\t\t\t<div class=\"elementor-background-overlay\"><\/div>\n\t\t\t\t\t\t\t<div class=\"elementor-container elementor-column-gap-default\">\n\t\t\t\t\t<div class=\"elementor-column elementor-col-50 elementor-top-column elementor-element elementor-element-06c802d\" data-id=\"06c802d\" data-element_type=\"column\" data-e-type=\"column\" data-settings=\"{&quot;background_background&quot;:&quot;classic&quot;}\">\n\t\t\t<div class=\"elementor-widget-wrap elementor-element-populated\">\n\t\t\t\t\t\t<div class=\"elementor-element elementor-element-eab1631 whitetitle elementor-invisible elementor-widget elementor-widget-heading\" data-id=\"eab1631\" data-element_type=\"widget\" data-e-type=\"widget\" data-settings=\"{&quot;_animation&quot;:&quot;fadeInDown&quot;}\" data-widget_type=\"heading.default\">\n\t\t\t\t<div class=\"elementor-widget-container\">\n\t\t\t\t\t<h1 class=\"elementor-heading-title elementor-size-default\">il mio account<\/h1>\t\t\t\t<\/div>\n\t\t\t\t<\/div>\n\t\t\t\t<div class=\"elementor-element elementor-element-391c2ea elementor-widget elementor-widget-login\" data-id=\"391c2ea\" data-element_type=\"widget\" data-e-type=\"widget\" data-widget_type=\"login.default\">\n\t\t\t\t<div class=\"elementor-widget-container\">\n\t\t\t\t\t\t\t<form class=\"elementor-login elementor-form\" method=\"post\" action=\"https:\/\/taxi-beauvais-aeroport.com\/wp-login.php\" aria-label=\"Modulo per il login\">\n\t\t\t<input type=\"hidden\" name=\"redirect_to\" value=\"\/mon-compte\/\">\n\t\t\t<div class=\"elementor-form-fields-wrapper\">\n\t\t\t\t<div class=\"elementor-field-type-text elementor-field-group elementor-column elementor-col-100 elementor-field-required\">\n\t\t\t\t\t<label for=\"user-391c2ea\" class=\"elementor-field-label\">Indirizzo e-mail<\/label>\n\t\t\t\t\t<input size=\"1\" type=\"text\" name=\"log\" id=\"user-391c2ea\" placeholder=\"\" class=\"elementor-field elementor-field-textual elementor-size-sm\">\n\t\t\t\t<\/div>\n\t\t\t\t<div class=\"elementor-field-type-text elementor-field-group elementor-column elementor-col-100 elementor-field-required\">\n\t\t\t\t\t<label for=\"password-391c2ea\" class=\"elementor-field-label\">Parola d&#039;ordine<\/label>\n\t\t\t\t\t<input size=\"1\" type=\"password\" name=\"pwd\" id=\"password-391c2ea\" placeholder=\"\" class=\"elementor-field elementor-field-textual elementor-size-sm\">\n\t\t\t\t<\/div>\n\n\t\t\t\t\n\t\t\t\t<div class=\"elementor-field-group elementor-column elementor-field-type-submit elementor-col-100\">\n\t\t\t\t\t<button type=\"submit\" class=\"elementor-size-sm elementor-button\" name=\"wp-submit\">\n\t\t\t\t\t\t\t\t\t\t\t\t\t\t\t<span class=\"elementor-button-text\">Accesso<\/span>\n\t\t\t\t\t\t\t\t\t\t\t\t<\/button>\n\t\t\t\t<\/div>\n\n\t\t\t\t\t\t\t<\/div>\n\t\t<\/form>\n\t\t\t\t\t\t<\/div>\n\t\t\t\t<\/div>\n\t\t\t\t\t<\/div>\n\t\t<\/div>\n\t\t\t\t<div class=\"elementor-column elementor-col-50 elementor-top-column elementor-element elementor-element-bfea348\" data-id=\"bfea348\" data-element_type=\"column\" data-e-type=\"column\" data-settings=\"{&quot;background_background&quot;:&quot;classic&quot;}\">\n\t\t\t<div class=\"elementor-widget-wrap elementor-element-populated\">\n\t\t\t\t\t\t<div class=\"elementor-element elementor-element-6874ac8 whitetitle elementor-invisible elementor-widget elementor-widget-heading\" data-id=\"6874ac8\" data-element_type=\"widget\" data-e-type=\"widget\" data-settings=\"{&quot;_animation&quot;:&quot;fadeInDown&quot;}\" data-widget_type=\"heading.default\">\n\t\t\t\t<div class=\"elementor-widget-container\">\n\t\t\t\t\t<h2 class=\"elementor-heading-title elementor-size-default\">sei professionale?<\/h2>\t\t\t\t<\/div>\n\t\t\t\t<\/div>\n\t\t\t\t<div class=\"elementor-element elementor-element-f2f0ff7 whitetitle elementor-invisible elementor-widget elementor-widget-heading\" data-id=\"f2f0ff7\" data-element_type=\"widget\" data-e-type=\"widget\" data-settings=\"{&quot;_animation&quot;:&quot;fadeInDown&quot;}\" data-widget_type=\"heading.default\">\n\t\t\t\t<div class=\"elementor-widget-container\">\n\t\t\t\t\t<h2 class=\"elementor-heading-title elementor-size-default\">Richiedi il tuo account pro per beneficiare dei vantaggi.<\/h2>\t\t\t\t<\/div>\n\t\t\t\t<\/div>\n\t\t\t\t<div class=\"elementor-element elementor-element-7d4b90e elementor-align-center elementor-mobile-align-center elementor-widget elementor-widget-button\" data-id=\"7d4b90e\" data-element_type=\"widget\" data-e-type=\"widget\" data-widget_type=\"button.default\">\n\t\t\t\t<div class=\"elementor-widget-container\">\n\t\t\t\t\t\t\t\t\t<div class=\"elementor-button-wrapper\">\n\t\t\t\t\t<a class=\"elementor-button elementor-button-link elementor-size-md elementor-animation-grow\" href=\"https:\/\/taxi-beauvais-aeroport.com\/it\/conto-pro\/\">\n\t\t\t\t\t\t<span class=\"elementor-button-content-wrapper\">\n\t\t\t\t\t\t\t\t\t<span class=\"elementor-button-text\">Domanda di identificatori<\/span>\n\t\t\t\t\t<\/span>\n\t\t\t\t\t<\/a>\n\t\t\t\t<\/div>\n\t\t\t\t\t\t\t\t<\/div>\n\t\t\t\t<\/div>\n\t\t\t\t\t<\/div>\n\t\t<\/div>\n\t\t\t\t\t<\/div>\n\t\t<\/section>\n\t\t\t\t<\/div>","protected":false},"excerpt":{"rendered":"<p>il tuo account sei un professionista? Richiedi il tuo account pro per beneficiare dei vantaggi. Richiedi un account professionale<\/p>","protected":false},"author":3,"featured_media":0,"parent":0,"menu_order":0,"comment_status":"closed","ping_status":"closed","template":"","meta":{"footnotes":""},"class_list":["post-739","page","type-page","status-publish","hentry"],"yoast_head":"<!-- This site is optimized with the Yoast SEO plugin v27.2 - https:\/\/yoast.com\/product\/yoast-seo-wordpress\/ -->\n<title>Connexion - Taxi A\u00e9roport Beauvais<\/title>\n<meta name=\"description\" content=\"Connectez-vous \u00e0 votre compte professionnel en ligne. Vous \u00eates professionnel ? Demandez votre Acc\u00e8s rapide sur notre site.\" \/>\n<meta name=\"robots\" content=\"index, follow, max-snippet:-1, max-image-preview:large, max-video-preview:-1\" \/>\n<link rel=\"canonical\" href=\"https:\/\/taxi-beauvais-aeroport.com\/it\/connessione\/\" \/>\n<meta property=\"og:locale\" content=\"it_IT\" \/>\n<meta property=\"og:type\" content=\"article\" \/>\n<meta property=\"og:title\" content=\"Connexion - Taxi A\u00e9roport Beauvais\" \/>\n<meta property=\"og:description\" content=\"Connectez-vous \u00e0 votre compte professionnel en ligne. Vous \u00eates professionnel ? Demandez votre Acc\u00e8s rapide sur notre site.\" \/>\n<meta property=\"og:url\" content=\"https:\/\/taxi-beauvais-aeroport.com\/it\/connessione\/\" \/>\n<meta property=\"og:site_name\" content=\"Taxi A\u00e9roport Beauvais\" \/>\n<meta property=\"article:modified_time\" content=\"2023-08-12T12:49:27+00:00\" \/>\n<meta property=\"og:image\" content=\"https:\/\/taxi-beauvais-aeroport.com\/wp-content\/uploads\/2024\/02\/taxi-paris-beauvais.jpg\" \/>\n\t<meta property=\"og:image:width\" content=\"800\" \/>\n\t<meta property=\"og:image:height\" content=\"350\" \/>\n\t<meta property=\"og:image:type\" content=\"image\/jpeg\" \/>\n<meta name=\"twitter:card\" content=\"summary_large_image\" \/>\n<meta name=\"twitter:label1\" content=\"Tempo di lettura stimato\" \/>\n\t<meta name=\"twitter:data1\" content=\"1 minuto\" \/>\n<script type=\"application\/ld+json\" class=\"yoast-schema-graph\">{\"@context\":\"https:\/\/schema.org\",\"@graph\":[{\"@type\":\"WebPage\",\"@id\":\"https:\/\/taxi-beauvais-aeroport.com\/connexion\/\",\"url\":\"https:\/\/taxi-beauvais-aeroport.com\/connexion\/\",\"name\":\"Connexion - Taxi A\u00e9roport Beauvais\",\"isPartOf\":{\"@id\":\"https:\/\/taxi-beauvais-aeroport.com\/#website\"},\"datePublished\":\"2022-05-05T08:26:25+00:00\",\"dateModified\":\"2023-08-12T12:49:27+00:00\",\"description\":\"Connectez-vous \u00e0 votre compte professionnel en ligne. Vous \u00eates professionnel ? Demandez votre Acc\u00e8s rapide sur notre site.\",\"breadcrumb\":{\"@id\":\"https:\/\/taxi-beauvais-aeroport.com\/connexion\/#breadcrumb\"},\"inLanguage\":\"it-IT\",\"potentialAction\":[{\"@type\":\"ReadAction\",\"target\":[\"https:\/\/taxi-beauvais-aeroport.com\/connexion\/\"]}]},{\"@type\":\"BreadcrumbList\",\"@id\":\"https:\/\/taxi-beauvais-aeroport.com\/connexion\/#breadcrumb\",\"itemListElement\":[{\"@type\":\"ListItem\",\"position\":1,\"name\":\"Accueil\",\"item\":\"https:\/\/taxi-beauvais-aeroport.com\/\"},{\"@type\":\"ListItem\",\"position\":2,\"name\":\"Connexion\"}]},{\"@type\":\"WebSite\",\"@id\":\"https:\/\/taxi-beauvais-aeroport.com\/#website\",\"url\":\"https:\/\/taxi-beauvais-aeroport.com\/\",\"name\":\"Taxi a\u00e9roport Beauvais\",\"description\":\"Taxi a\u00e9roport Beauvais pas cher\",\"publisher\":{\"@id\":\"https:\/\/taxi-beauvais-aeroport.com\/#organization\"},\"alternateName\":\"Taxi a\u00e9roport Beauvais\",\"potentialAction\":[{\"@type\":\"SearchAction\",\"target\":{\"@type\":\"EntryPoint\",\"urlTemplate\":\"https:\/\/taxi-beauvais-aeroport.com\/?s={search_term_string}\"},\"query-input\":{\"@type\":\"PropertyValueSpecification\",\"valueRequired\":true,\"valueName\":\"search_term_string\"}}],\"inLanguage\":\"it-IT\"},{\"@type\":\"Organization\",\"@id\":\"https:\/\/taxi-beauvais-aeroport.com\/#organization\",\"name\":\"Taxi Beauvais A\u00e9roport\",\"alternateName\":\"Taxi a\u00e9roport Beauvais\",\"url\":\"https:\/\/taxi-beauvais-aeroport.com\/\",\"logo\":{\"@type\":\"ImageObject\",\"inLanguage\":\"it-IT\",\"@id\":\"https:\/\/taxi-beauvais-aeroport.com\/#\/schema\/logo\/image\/\",\"url\":\"https:\/\/taxi-beauvais-aeroport.com\/wp-content\/uploads\/2022\/09\/class-v-580x375-1-1.webp\",\"contentUrl\":\"https:\/\/taxi-beauvais-aeroport.com\/wp-content\/uploads\/2022\/09\/class-v-580x375-1-1.webp\",\"width\":580,\"height\":375,\"caption\":\"Taxi Beauvais A\u00e9roport\"},\"image\":{\"@id\":\"https:\/\/taxi-beauvais-aeroport.com\/#\/schema\/logo\/image\/\"}}]}<\/script>\n<!-- \/ Yoast SEO plugin. -->","yoast_head_json":{"title":"Connexion - Taxi A\u00e9roport Beauvais","description":"Connectez-vous \u00e0 votre compte professionnel en ligne. Vous \u00eates professionnel ? Demandez votre Acc\u00e8s rapide sur notre site.","robots":{"index":"index","follow":"follow","max-snippet":"max-snippet:-1","max-image-preview":"max-image-preview:large","max-video-preview":"max-video-preview:-1"},"canonical":"https:\/\/taxi-beauvais-aeroport.com\/it\/connessione\/","og_locale":"it_IT","og_type":"article","og_title":"Connexion - Taxi A\u00e9roport Beauvais","og_description":"Connectez-vous \u00e0 votre compte professionnel en ligne. Vous \u00eates professionnel ? Demandez votre Acc\u00e8s rapide sur notre site.","og_url":"https:\/\/taxi-beauvais-aeroport.com\/it\/connessione\/","og_site_name":"Taxi A\u00e9roport Beauvais","article_modified_time":"2023-08-12T12:49:27+00:00","og_image":[{"width":800,"height":350,"url":"https:\/\/taxi-beauvais-aeroport.com\/wp-content\/uploads\/2024\/02\/taxi-paris-beauvais.jpg","type":"image\/jpeg"}],"twitter_card":"summary_large_image","twitter_misc":{"Tempo di lettura stimato":"1 minuto"},"schema":{"@context":"https:\/\/schema.org","@graph":[{"@type":"WebPage","@id":"https:\/\/taxi-beauvais-aeroport.com\/connexion\/","url":"https:\/\/taxi-beauvais-aeroport.com\/connexion\/","name":"Connexion - Taxi A\u00e9roport Beauvais","isPartOf":{"@id":"https:\/\/taxi-beauvais-aeroport.com\/#website"},"datePublished":"2022-05-05T08:26:25+00:00","dateModified":"2023-08-12T12:49:27+00:00","description":"Connectez-vous \u00e0 votre compte professionnel en ligne. Vous \u00eates professionnel ? Demandez votre Acc\u00e8s rapide sur notre site.","breadcrumb":{"@id":"https:\/\/taxi-beauvais-aeroport.com\/connexion\/#breadcrumb"},"inLanguage":"it-IT","potentialAction":[{"@type":"ReadAction","target":["https:\/\/taxi-beauvais-aeroport.com\/connexion\/"]}]},{"@type":"BreadcrumbList","@id":"https:\/\/taxi-beauvais-aeroport.com\/connexion\/#breadcrumb","itemListElement":[{"@type":"ListItem","position":1,"name":"Accueil","item":"https:\/\/taxi-beauvais-aeroport.com\/"},{"@type":"ListItem","position":2,"name":"Connexion"}]},{"@type":"WebSite","@id":"https:\/\/taxi-beauvais-aeroport.com\/#website","url":"https:\/\/taxi-beauvais-aeroport.com\/","name":"Taxi a\u00e9roport Beauvais","description":"Taxi a\u00e9roport Beauvais pas cher","publisher":{"@id":"https:\/\/taxi-beauvais-aeroport.com\/#organization"},"alternateName":"Taxi a\u00e9roport Beauvais","potentialAction":[{"@type":"SearchAction","target":{"@type":"EntryPoint","urlTemplate":"https:\/\/taxi-beauvais-aeroport.com\/?s={search_term_string}"},"query-input":{"@type":"PropertyValueSpecification","valueRequired":true,"valueName":"search_term_string"}}],"inLanguage":"it-IT"},{"@type":"Organization","@id":"https:\/\/taxi-beauvais-aeroport.com\/#organization","name":"Taxi Beauvais A\u00e9roport","alternateName":"Taxi a\u00e9roport Beauvais","url":"https:\/\/taxi-beauvais-aeroport.com\/","logo":{"@type":"ImageObject","inLanguage":"it-IT","@id":"https:\/\/taxi-beauvais-aeroport.com\/#\/schema\/logo\/image\/","url":"https:\/\/taxi-beauvais-aeroport.com\/wp-content\/uploads\/2022\/09\/class-v-580x375-1-1.webp","contentUrl":"https:\/\/taxi-beauvais-aeroport.com\/wp-content\/uploads\/2022\/09\/class-v-580x375-1-1.webp","width":580,"height":375,"caption":"Taxi Beauvais A\u00e9roport"},"image":{"@id":"https:\/\/taxi-beauvais-aeroport.com\/#\/schema\/logo\/image\/"}}]}},"_links":{"self":[{"href":"https:\/\/taxi-beauvais-aeroport.com\/it\/wp-json\/wp\/v2\/pages\/739","targetHints":{"allow":["GET"]}}],"collection":[{"href":"https:\/\/taxi-beauvais-aeroport.com\/it\/wp-json\/wp\/v2\/pages"}],"about":[{"href":"https:\/\/taxi-beauvais-aeroport.com\/it\/wp-json\/wp\/v2\/types\/page"}],"author":[{"embeddable":true,"href":"https:\/\/taxi-beauvais-aeroport.com\/it\/wp-json\/wp\/v2\/users\/3"}],"replies":[{"embeddable":true,"href":"https:\/\/taxi-beauvais-aeroport.com\/it\/wp-json\/wp\/v2\/comments?post=739"}],"version-history":[{"count":0,"href":"https:\/\/taxi-beauvais-aeroport.com\/it\/wp-json\/wp\/v2\/pages\/739\/revisions"}],"wp:attachment":[{"href":"https:\/\/taxi-beauvais-aeroport.com\/it\/wp-json\/wp\/v2\/media?parent=739"}],"curies":[{"name":"wp","href":"https:\/\/api.w.org\/{rel}","templated":true}]}}