{"id":714,"date":"2022-05-05T10:00:18","date_gmt":"2022-05-05T08:00:18","guid":{"rendered":"http:\/\/taxibem.cluster031.hosting.ovh.net\/?page_id=714"},"modified":"2023-04-13T11:43:58","modified_gmt":"2023-04-13T09:43:58","slug":"compte-pro","status":"publish","type":"page","link":"https:\/\/taxi-beauvais-aeroport.com\/en\/pro-account\/","title":{"rendered":"Pro account creation request"},"content":{"rendered":"<div data-elementor-type=\"wp-page\" data-elementor-id=\"714\" class=\"elementor elementor-714\" data-elementor-post-type=\"page\">\n\t\t\t\t\t\t<section class=\"elementor-section elementor-top-section elementor-element elementor-element-54d53e9 elementor-section-height-min-height elementor-section-boxed elementor-section-height-default elementor-section-items-middle\" data-id=\"54d53e9\" data-element_type=\"section\" data-e-type=\"section\" data-settings=\"{&quot;background_background&quot;:&quot;classic&quot;,&quot;shape_divider_bottom&quot;:&quot;opacity-tilt&quot;}\">\n\t\t\t\t\t\t\t<div class=\"elementor-background-overlay\"><\/div>\n\t\t\t\t\t\t<div class=\"elementor-shape elementor-shape-bottom\" aria-hidden=\"true\" data-negative=\"false\">\n\t\t\t<svg xmlns=\"http:\/\/www.w3.org\/2000\/svg\" viewbox=\"0 0 2600 131.1\" preserveaspectratio=\"none\">\n\t<path class=\"elementor-shape-fill\" d=\"M0 0L2600 0 2600 69.1 0 0z\"\/>\n\t<path class=\"elementor-shape-fill\" style=\"opacity:0.5\" d=\"M0 0L2600 0 2600 69.1 0 69.1z\"\/>\n\t<path class=\"elementor-shape-fill\" style=\"opacity:0.25\" d=\"M2600 0L0 0 0 130.1 2600 69.1z\"\/>\n<\/svg>\t\t<\/div>\n\t\t\t\t\t<div class=\"elementor-container elementor-column-gap-default\">\n\t\t\t\t\t<div class=\"elementor-column elementor-col-100 elementor-top-column elementor-element elementor-element-fbe865a\" data-id=\"fbe865a\" data-element_type=\"column\" data-e-type=\"column\">\n\t\t\t<div class=\"elementor-widget-wrap elementor-element-populated\">\n\t\t\t\t\t\t<div class=\"elementor-element elementor-element-5647c3f whitetitle elementor-invisible elementor-widget elementor-widget-heading\" data-id=\"5647c3f\" data-element_type=\"widget\" data-e-type=\"widget\" data-settings=\"{&quot;_animation&quot;:&quot;fadeInDown&quot;}\" data-widget_type=\"heading.default\">\n\t\t\t\t<div class=\"elementor-widget-container\">\n\t\t\t\t\t<h1 class=\"elementor-heading-title elementor-size-default\">ARE YOU A PROFESSIONAL ?<\/h1>\t\t\t\t<\/div>\n\t\t\t\t<\/div>\n\t\t\t\t<div class=\"elementor-element elementor-element-c0927e5 whitetitle elementor-invisible elementor-widget elementor-widget-heading\" data-id=\"c0927e5\" data-element_type=\"widget\" data-e-type=\"widget\" data-settings=\"{&quot;_animation&quot;:&quot;fadeInDown&quot;}\" data-widget_type=\"heading.default\">\n\t\t\t\t<div class=\"elementor-widget-container\">\n\t\t\t\t\t<h2 class=\"elementor-heading-title elementor-size-default\">REQUEST THE CREATION OF YOUR PRO ACCOUNT<\/h2>\t\t\t\t<\/div>\n\t\t\t\t<\/div>\n\t\t\t\t\t<\/div>\n\t\t<\/div>\n\t\t\t\t\t<\/div>\n\t\t<\/section>\n\t\t\t\t<section class=\"elementor-section elementor-top-section elementor-element elementor-element-0749a0f elementor-section-full_width elementor-section-height-min-height elementor-section-items-stretch elementor-reverse-tablet elementor-reverse-mobile elementor-section-height-default\" data-id=\"0749a0f\" data-element_type=\"section\" data-e-type=\"section\">\n\t\t\t\t\t\t<div class=\"elementor-container elementor-column-gap-no\">\n\t\t\t\t\t<div class=\"elementor-column elementor-col-50 elementor-top-column elementor-element elementor-element-d7fd938\" data-id=\"d7fd938\" data-element_type=\"column\" data-e-type=\"column\">\n\t\t\t<div class=\"elementor-widget-wrap elementor-element-populated\">\n\t\t\t\t\t\t<div class=\"elementor-element elementor-element-5448504 elementor-widget__width-auto elementor-invisible elementor-widget elementor-widget-image\" data-id=\"5448504\" data-element_type=\"widget\" data-e-type=\"widget\" data-settings=\"{&quot;_animation&quot;:&quot;fadeInUp&quot;}\" data-widget_type=\"image.default\">\n\t\t\t\t<div class=\"elementor-widget-container\">\n\t\t\t\t\t\t\t\t\t\t\t\t\t\t\t<img fetchpriority=\"high\" decoding=\"async\" width=\"801\" height=\"540\" src=\"https:\/\/taxi-beauvais-aeroport.com\/wp-content\/uploads\/2022\/05\/v-class-2-1.jpeg\" class=\"attachment-full size-full wp-image-247\" alt=\"taxi beauvais business\" srcset=\"https:\/\/taxi-beauvais-aeroport.com\/wp-content\/uploads\/2022\/05\/v-class-2-1.jpeg 801w, https:\/\/taxi-beauvais-aeroport.com\/wp-content\/uploads\/2022\/05\/v-class-2-1-600x404.jpeg 600w, https:\/\/taxi-beauvais-aeroport.com\/wp-content\/uploads\/2022\/05\/v-class-2-1-300x202.jpeg 300w, https:\/\/taxi-beauvais-aeroport.com\/wp-content\/uploads\/2022\/05\/v-class-2-1-768x518.jpeg 768w, https:\/\/taxi-beauvais-aeroport.com\/wp-content\/uploads\/2022\/05\/v-class-2-1-370x249.jpeg 370w, https:\/\/taxi-beauvais-aeroport.com\/wp-content\/uploads\/2022\/05\/v-class-2-1-390x263.jpeg 390w, https:\/\/taxi-beauvais-aeroport.com\/wp-content\/uploads\/2022\/05\/v-class-2-1-454x306.jpeg 454w, https:\/\/taxi-beauvais-aeroport.com\/wp-content\/uploads\/2022\/05\/v-class-2-1-791x533.jpeg 791w\" sizes=\"(max-width: 801px) 100vw, 801px\" \/>\t\t\t\t\t\t\t\t\t\t\t\t\t\t\t<\/div>\n\t\t\t\t<\/div>\n\t\t\t\t\t<\/div>\n\t\t<\/div>\n\t\t\t\t<div class=\"elementor-column elementor-col-50 elementor-top-column elementor-element elementor-element-1b6d441\" data-id=\"1b6d441\" data-element_type=\"column\" data-e-type=\"column\" data-settings=\"{&quot;background_background&quot;:&quot;gradient&quot;}\">\n\t\t\t<div class=\"elementor-widget-wrap elementor-element-populated\">\n\t\t\t\t\t\t<section class=\"elementor-section elementor-inner-section elementor-element elementor-element-c11779f elementor-section-full_width elementor-section-height-default elementor-section-height-default\" data-id=\"c11779f\" data-element_type=\"section\" data-e-type=\"section\">\n\t\t\t\t\t\t<div class=\"elementor-container elementor-column-gap-no\">\n\t\t\t\t\t<div class=\"elementor-column elementor-col-100 elementor-inner-column elementor-element elementor-element-bb03838\" data-id=\"bb03838\" data-element_type=\"column\" data-e-type=\"column\">\n\t\t\t<div class=\"elementor-widget-wrap elementor-element-populated\">\n\t\t\t\t\t\t<div class=\"elementor-element elementor-element-f8db640 elementor-widget elementor-widget-heading\" data-id=\"f8db640\" data-element_type=\"widget\" data-e-type=\"widget\" data-widget_type=\"heading.default\">\n\t\t\t\t<div class=\"elementor-widget-container\">\n\t\t\t\t\t<h2 class=\"elementor-heading-title elementor-size-default\">Request a professional account<\/h2>\t\t\t\t<\/div>\n\t\t\t\t<\/div>\n\t\t\t\t<div class=\"elementor-element elementor-element-02b07e9 elementor-widget elementor-widget-text-editor\" data-id=\"02b07e9\" data-element_type=\"widget\" data-e-type=\"widget\" data-widget_type=\"text-editor.default\">\n\t\t\t\t<div class=\"elementor-widget-container\">\n\t\t\t\t\t\t\t\t\t<p>Ask for your pro account to benefit from advantages.<\/p>\t\t\t\t\t\t\t\t<\/div>\n\t\t\t\t<\/div>\n\t\t\t\t<div class=\"elementor-element elementor-element-bceb176 elementor-button-align-end elementor-mobile-button-align-stretch elementor-widget elementor-widget-form\" data-id=\"bceb176\" data-element_type=\"widget\" data-e-type=\"widget\" data-settings=\"{&quot;step_next_label&quot;:&quot;Next&quot;,&quot;step_previous_label&quot;:&quot;Previous&quot;,&quot;button_width&quot;:&quot;100&quot;,&quot;step_type&quot;:&quot;number_text&quot;,&quot;step_icon_shape&quot;:&quot;circle&quot;}\" data-widget_type=\"form.default\">\n\t\t\t\t<div class=\"elementor-widget-container\">\n\t\t\t\t\t\t\t<form class=\"elementor-form\" method=\"post\" name=\"Contact Form\" aria-label=\"Contact Form\" action=\"\">\n\t\t\t<input type=\"hidden\" name=\"post_id\" value=\"714\"\/>\n\t\t\t<input type=\"hidden\" name=\"form_id\" value=\"bceb176\"\/>\n\t\t\t<input type=\"hidden\" name=\"referer_title\" value=\"Demande de cr\u00e9ation de compte Pro - Taxi A\u00e9roport Beauvais\" \/>\n\n\t\t\t\t\t\t\t<input type=\"hidden\" name=\"queried_id\" value=\"714\"\/>\n\t\t\t\n\t\t\t<div class=\"elementor-form-fields-wrapper elementor-labels-above\">\n\t\t\t\t\t\t\t\t<div class=\"elementor-field-type-text elementor-field-group elementor-column elementor-field-group-name elementor-col-50 elementor-field-required\">\n\t\t\t\t\t\t\t\t\t\t\t\t<label for=\"form-field-name\" class=\"elementor-field-label\">\n\t\t\t\t\t\t\t\tName\t\t\t\t\t\t\t<\/label>\n\t\t\t\t\t\t\t\t\t\t\t\t\t\t<input size=\"1\" type=\"text\" name=\"form_fields[name]\" id=\"form-field-name\" class=\"elementor-field elementor-size-sm  elementor-field-textual\" placeholder=\"Your name\" required=\"required\">\n\t\t\t\t\t\t\t\t\t\t\t<\/div>\n\t\t\t\t\t\t\t\t<div class=\"elementor-field-type-text elementor-field-group elementor-column elementor-field-group-field_1b6c19a elementor-col-50 elementor-field-required\">\n\t\t\t\t\t\t\t\t\t\t\t\t<label for=\"form-field-field_1b6c19a\" class=\"elementor-field-label\">\n\t\t\t\t\t\t\t\tFirst name\t\t\t\t\t\t\t<\/label>\n\t\t\t\t\t\t\t\t\t\t\t\t\t\t<input size=\"1\" type=\"text\" name=\"form_fields[field_1b6c19a]\" id=\"form-field-field_1b6c19a\" class=\"elementor-field elementor-size-sm  elementor-field-textual\" placeholder=\"Your first name\" required=\"required\">\n\t\t\t\t\t\t\t\t\t\t\t<\/div>\n\t\t\t\t\t\t\t\t<div class=\"elementor-field-type-text elementor-field-group elementor-column elementor-field-group-field_3eb1402 elementor-col-50\">\n\t\t\t\t\t\t\t\t\t\t\t\t<label for=\"form-field-field_3eb1402\" class=\"elementor-field-label\">\n\t\t\t\t\t\t\t\tCompany Name\t\t\t\t\t\t\t<\/label>\n\t\t\t\t\t\t\t\t\t\t\t\t\t\t<input size=\"1\" type=\"text\" name=\"form_fields[field_3eb1402]\" id=\"form-field-field_3eb1402\" class=\"elementor-field elementor-size-sm  elementor-field-textual\">\n\t\t\t\t\t\t\t\t\t\t\t<\/div>\n\t\t\t\t\t\t\t\t<div class=\"elementor-field-type-text elementor-field-group elementor-column elementor-field-group-field_c2d39f7 elementor-col-50\">\n\t\t\t\t\t\t\t\t\t\t\t\t<label for=\"form-field-field_c2d39f7\" class=\"elementor-field-label\">\n\t\t\t\t\t\t\t\tSIRET number\t\t\t\t\t\t\t<\/label>\n\t\t\t\t\t\t\t\t\t\t\t\t\t\t<input size=\"1\" type=\"text\" name=\"form_fields[field_c2d39f7]\" id=\"form-field-field_c2d39f7\" class=\"elementor-field elementor-size-sm  elementor-field-textual\">\n\t\t\t\t\t\t\t\t\t\t\t<\/div>\n\t\t\t\t\t\t\t\t<div class=\"elementor-field-type-email elementor-field-group elementor-column elementor-field-group-email elementor-col-50 elementor-field-required\">\n\t\t\t\t\t\t\t\t\t\t\t\t<label for=\"form-field-email\" class=\"elementor-field-label\">\n\t\t\t\t\t\t\t\tE-mail address\t\t\t\t\t\t\t<\/label>\n\t\t\t\t\t\t\t\t\t\t\t\t\t\t<input size=\"1\" type=\"email\" name=\"form_fields[email]\" id=\"form-field-email\" class=\"elementor-field elementor-size-sm  elementor-field-textual\" placeholder=\"Your email\" required=\"required\">\n\t\t\t\t\t\t\t\t\t\t\t<\/div>\n\t\t\t\t\t\t\t\t<div class=\"elementor-field-type-tel elementor-field-group elementor-column elementor-field-group-field_efd9bf4 elementor-col-50\">\n\t\t\t\t\t\t\t\t\t\t\t\t<label for=\"form-field-field_efd9bf4\" class=\"elementor-field-label\">\n\t\t\t\t\t\t\t\tPhone\t\t\t\t\t\t\t<\/label>\n\t\t\t\t\t\t\t\t<input size=\"1\" type=\"tel\" name=\"form_fields[field_efd9bf4]\" id=\"form-field-field_efd9bf4\" class=\"elementor-field elementor-size-sm  elementor-field-textual\" placeholder=\"Your phone\" pattern=\"[0-9()#&amp;+*-=.]+\" title=\"Only telephone number characters (#, -, *, etc.) are accepted.\">\n\n\t\t\t\t\t\t<\/div>\n\t\t\t\t\t\t\t\t<div class=\"elementor-field-type-recaptcha elementor-field-group elementor-column elementor-field-group-field_18b2f71 elementor-col-100\">\n\t\t\t\t\t<div class=\"elementor-field\" id=\"form-field-field_18b2f71\"><div class=\"elementor-g-recaptcha\" data-sitekey=\"6LcWbrofAAAAALPUYRnLNpq8pcVh35FTzNJ1Gxbq\" data-type=\"v2_checkbox\" data-theme=\"light\" data-size=\"normal\"><\/div><\/div>\t\t\t\t<\/div>\n\t\t\t\t\t\t\t\t<div class=\"elementor-field-group elementor-column elementor-field-type-submit elementor-col-100 e-form__buttons\">\n\t\t\t\t\t<button class=\"elementor-button elementor-size-sm\" type=\"submit\">\n\t\t\t\t\t\t<span class=\"elementor-button-content-wrapper\">\n\t\t\t\t\t\t\t\t\t\t\t\t\t\t\t\t\t\t\t\t\t\t<span class=\"elementor-button-text\">Send the message<\/span>\n\t\t\t\t\t\t\t\t\t\t\t\t\t<\/span>\n\t\t\t\t\t<\/button>\n\t\t\t\t<\/div>\n\t\t\t<\/div>\n\t\t<input type=\"hidden\" name=\"trp-form-language\" value=\"en\"\/><\/form>\n\t\t\t\t\t\t<\/div>\n\t\t\t\t<\/div>\n\t\t\t\t\t<\/div>\n\t\t<\/div>\n\t\t\t\t\t<\/div>\n\t\t<\/section>\n\t\t\t\t\t<\/div>\n\t\t<\/div>\n\t\t\t\t\t<\/div>\n\t\t<\/section>\n\t\t\t\t<\/div>","protected":false},"excerpt":{"rendered":"<p>ARE YOU A PROFESSIONAL ? REQUEST THE CREATION OF YOUR PRO ACCOUNT Request a professional account Are you a professional? Ask for your pro account to benefit from advantages.<\/p>","protected":false},"author":3,"featured_media":0,"parent":0,"menu_order":0,"comment_status":"closed","ping_status":"closed","template":"","meta":{"footnotes":""},"class_list":["post-714","page","type-page","status-publish","hentry"],"yoast_head":"<!-- This site is optimized with the Yoast SEO plugin v27.2 - https:\/\/yoast.com\/product\/yoast-seo-wordpress\/ -->\n<title>Demande de cr\u00e9ation de compte Pro - Taxi A\u00e9roport Beauvais<\/title>\n<meta name=\"description\" content=\"Vous \u00eates un professionnel ? Profitez de notre espace d\u00e9di\u00e9 aux professionnels. Factures, historique des courses...\" \/>\n<meta name=\"robots\" content=\"index, follow, max-snippet:-1, max-image-preview:large, max-video-preview:-1\" \/>\n<link rel=\"canonical\" href=\"https:\/\/taxi-beauvais-aeroport.com\/en\/pro-account\/\" \/>\n<meta property=\"og:locale\" content=\"en_GB\" \/>\n<meta property=\"og:type\" content=\"article\" \/>\n<meta property=\"og:title\" content=\"Demande de cr\u00e9ation de compte Pro - Taxi A\u00e9roport Beauvais\" \/>\n<meta property=\"og:description\" content=\"Vous \u00eates un professionnel ? Profitez de notre espace d\u00e9di\u00e9 aux professionnels. Factures, historique des courses...\" \/>\n<meta property=\"og:url\" content=\"https:\/\/taxi-beauvais-aeroport.com\/en\/pro-account\/\" \/>\n<meta property=\"og:site_name\" content=\"Taxi A\u00e9roport Beauvais\" \/>\n<meta property=\"article:modified_time\" content=\"2023-04-13T09:43:58+00:00\" \/>\n<meta property=\"og:image\" content=\"https:\/\/taxi-beauvais-aeroport.com\/wp-content\/uploads\/2022\/05\/v-class-2-1.jpeg\" \/>\n<meta name=\"twitter:card\" content=\"summary_large_image\" \/>\n<meta name=\"twitter:label1\" content=\"Estimated reading time\" \/>\n\t<meta name=\"twitter:data1\" content=\"1 minute\" \/>\n<script type=\"application\/ld+json\" class=\"yoast-schema-graph\">{\"@context\":\"https:\/\/schema.org\",\"@graph\":[{\"@type\":\"WebPage\",\"@id\":\"https:\/\/taxi-beauvais-aeroport.com\/compte-pro\/\",\"url\":\"https:\/\/taxi-beauvais-aeroport.com\/compte-pro\/\",\"name\":\"Demande de cr\u00e9ation de compte Pro - Taxi A\u00e9roport Beauvais\",\"isPartOf\":{\"@id\":\"https:\/\/taxi-beauvais-aeroport.com\/#website\"},\"primaryImageOfPage\":{\"@id\":\"https:\/\/taxi-beauvais-aeroport.com\/compte-pro\/#primaryimage\"},\"image\":{\"@id\":\"https:\/\/taxi-beauvais-aeroport.com\/compte-pro\/#primaryimage\"},\"thumbnailUrl\":\"https:\/\/taxi-beauvais-aeroport.com\/wp-content\/uploads\/2022\/05\/v-class-2-1.jpeg\",\"datePublished\":\"2022-05-05T08:00:18+00:00\",\"dateModified\":\"2023-04-13T09:43:58+00:00\",\"description\":\"Vous \u00eates un professionnel ? Profitez de notre espace d\u00e9di\u00e9 aux professionnels. Factures, historique des courses...\",\"breadcrumb\":{\"@id\":\"https:\/\/taxi-beauvais-aeroport.com\/compte-pro\/#breadcrumb\"},\"inLanguage\":\"en-GB\",\"potentialAction\":[{\"@type\":\"ReadAction\",\"target\":[\"https:\/\/taxi-beauvais-aeroport.com\/compte-pro\/\"]}]},{\"@type\":\"ImageObject\",\"inLanguage\":\"en-GB\",\"@id\":\"https:\/\/taxi-beauvais-aeroport.com\/compte-pro\/#primaryimage\",\"url\":\"https:\/\/taxi-beauvais-aeroport.com\/wp-content\/uploads\/2022\/05\/v-class-2-1.jpeg\",\"contentUrl\":\"https:\/\/taxi-beauvais-aeroport.com\/wp-content\/uploads\/2022\/05\/v-class-2-1.jpeg\"},{\"@type\":\"BreadcrumbList\",\"@id\":\"https:\/\/taxi-beauvais-aeroport.com\/compte-pro\/#breadcrumb\",\"itemListElement\":[{\"@type\":\"ListItem\",\"position\":1,\"name\":\"Accueil\",\"item\":\"https:\/\/taxi-beauvais-aeroport.com\/\"},{\"@type\":\"ListItem\",\"position\":2,\"name\":\"Demande de cr\u00e9ation de compte Pro\"}]},{\"@type\":\"WebSite\",\"@id\":\"https:\/\/taxi-beauvais-aeroport.com\/#website\",\"url\":\"https:\/\/taxi-beauvais-aeroport.com\/\",\"name\":\"Taxi a\u00e9roport Beauvais\",\"description\":\"Taxi a\u00e9roport Beauvais pas cher\",\"publisher\":{\"@id\":\"https:\/\/taxi-beauvais-aeroport.com\/#organization\"},\"alternateName\":\"Taxi a\u00e9roport Beauvais\",\"potentialAction\":[{\"@type\":\"SearchAction\",\"target\":{\"@type\":\"EntryPoint\",\"urlTemplate\":\"https:\/\/taxi-beauvais-aeroport.com\/?s={search_term_string}\"},\"query-input\":{\"@type\":\"PropertyValueSpecification\",\"valueRequired\":true,\"valueName\":\"search_term_string\"}}],\"inLanguage\":\"en-GB\"},{\"@type\":\"Organization\",\"@id\":\"https:\/\/taxi-beauvais-aeroport.com\/#organization\",\"name\":\"Taxi Beauvais A\u00e9roport\",\"alternateName\":\"Taxi a\u00e9roport Beauvais\",\"url\":\"https:\/\/taxi-beauvais-aeroport.com\/\",\"logo\":{\"@type\":\"ImageObject\",\"inLanguage\":\"en-GB\",\"@id\":\"https:\/\/taxi-beauvais-aeroport.com\/#\/schema\/logo\/image\/\",\"url\":\"https:\/\/taxi-beauvais-aeroport.com\/wp-content\/uploads\/2022\/09\/class-v-580x375-1-1.webp\",\"contentUrl\":\"https:\/\/taxi-beauvais-aeroport.com\/wp-content\/uploads\/2022\/09\/class-v-580x375-1-1.webp\",\"width\":580,\"height\":375,\"caption\":\"Taxi Beauvais A\u00e9roport\"},\"image\":{\"@id\":\"https:\/\/taxi-beauvais-aeroport.com\/#\/schema\/logo\/image\/\"}}]}<\/script>\n<!-- \/ Yoast SEO plugin. -->","yoast_head_json":{"title":"Demande de cr\u00e9ation de compte Pro - Taxi A\u00e9roport Beauvais","description":"Vous \u00eates un professionnel ? Profitez de notre espace d\u00e9di\u00e9 aux professionnels. Factures, historique des courses...","robots":{"index":"index","follow":"follow","max-snippet":"max-snippet:-1","max-image-preview":"max-image-preview:large","max-video-preview":"max-video-preview:-1"},"canonical":"https:\/\/taxi-beauvais-aeroport.com\/en\/pro-account\/","og_locale":"en_GB","og_type":"article","og_title":"Demande de cr\u00e9ation de compte Pro - Taxi A\u00e9roport Beauvais","og_description":"Vous \u00eates un professionnel ? Profitez de notre espace d\u00e9di\u00e9 aux professionnels. Factures, historique des courses...","og_url":"https:\/\/taxi-beauvais-aeroport.com\/en\/pro-account\/","og_site_name":"Taxi A\u00e9roport Beauvais","article_modified_time":"2023-04-13T09:43:58+00:00","og_image":[{"url":"https:\/\/taxi-beauvais-aeroport.com\/wp-content\/uploads\/2022\/05\/v-class-2-1.jpeg","type":"","width":"","height":""}],"twitter_card":"summary_large_image","twitter_misc":{"Estimated reading time":"1 minute"},"schema":{"@context":"https:\/\/schema.org","@graph":[{"@type":"WebPage","@id":"https:\/\/taxi-beauvais-aeroport.com\/compte-pro\/","url":"https:\/\/taxi-beauvais-aeroport.com\/compte-pro\/","name":"Demande de cr\u00e9ation de compte Pro - Taxi A\u00e9roport Beauvais","isPartOf":{"@id":"https:\/\/taxi-beauvais-aeroport.com\/#website"},"primaryImageOfPage":{"@id":"https:\/\/taxi-beauvais-aeroport.com\/compte-pro\/#primaryimage"},"image":{"@id":"https:\/\/taxi-beauvais-aeroport.com\/compte-pro\/#primaryimage"},"thumbnailUrl":"https:\/\/taxi-beauvais-aeroport.com\/wp-content\/uploads\/2022\/05\/v-class-2-1.jpeg","datePublished":"2022-05-05T08:00:18+00:00","dateModified":"2023-04-13T09:43:58+00:00","description":"Vous \u00eates un professionnel ? Profitez de notre espace d\u00e9di\u00e9 aux professionnels. Factures, historique des courses...","breadcrumb":{"@id":"https:\/\/taxi-beauvais-aeroport.com\/compte-pro\/#breadcrumb"},"inLanguage":"en-GB","potentialAction":[{"@type":"ReadAction","target":["https:\/\/taxi-beauvais-aeroport.com\/compte-pro\/"]}]},{"@type":"ImageObject","inLanguage":"en-GB","@id":"https:\/\/taxi-beauvais-aeroport.com\/compte-pro\/#primaryimage","url":"https:\/\/taxi-beauvais-aeroport.com\/wp-content\/uploads\/2022\/05\/v-class-2-1.jpeg","contentUrl":"https:\/\/taxi-beauvais-aeroport.com\/wp-content\/uploads\/2022\/05\/v-class-2-1.jpeg"},{"@type":"BreadcrumbList","@id":"https:\/\/taxi-beauvais-aeroport.com\/compte-pro\/#breadcrumb","itemListElement":[{"@type":"ListItem","position":1,"name":"Accueil","item":"https:\/\/taxi-beauvais-aeroport.com\/"},{"@type":"ListItem","position":2,"name":"Demande de cr\u00e9ation de compte Pro"}]},{"@type":"WebSite","@id":"https:\/\/taxi-beauvais-aeroport.com\/#website","url":"https:\/\/taxi-beauvais-aeroport.com\/","name":"Taxi a\u00e9roport Beauvais","description":"Taxi a\u00e9roport Beauvais pas cher","publisher":{"@id":"https:\/\/taxi-beauvais-aeroport.com\/#organization"},"alternateName":"Taxi a\u00e9roport Beauvais","potentialAction":[{"@type":"SearchAction","target":{"@type":"EntryPoint","urlTemplate":"https:\/\/taxi-beauvais-aeroport.com\/?s={search_term_string}"},"query-input":{"@type":"PropertyValueSpecification","valueRequired":true,"valueName":"search_term_string"}}],"inLanguage":"en-GB"},{"@type":"Organization","@id":"https:\/\/taxi-beauvais-aeroport.com\/#organization","name":"Taxi Beauvais A\u00e9roport","alternateName":"Taxi a\u00e9roport Beauvais","url":"https:\/\/taxi-beauvais-aeroport.com\/","logo":{"@type":"ImageObject","inLanguage":"en-GB","@id":"https:\/\/taxi-beauvais-aeroport.com\/#\/schema\/logo\/image\/","url":"https:\/\/taxi-beauvais-aeroport.com\/wp-content\/uploads\/2022\/09\/class-v-580x375-1-1.webp","contentUrl":"https:\/\/taxi-beauvais-aeroport.com\/wp-content\/uploads\/2022\/09\/class-v-580x375-1-1.webp","width":580,"height":375,"caption":"Taxi Beauvais A\u00e9roport"},"image":{"@id":"https:\/\/taxi-beauvais-aeroport.com\/#\/schema\/logo\/image\/"}}]}},"_links":{"self":[{"href":"https:\/\/taxi-beauvais-aeroport.com\/en\/wp-json\/wp\/v2\/pages\/714","targetHints":{"allow":["GET"]}}],"collection":[{"href":"https:\/\/taxi-beauvais-aeroport.com\/en\/wp-json\/wp\/v2\/pages"}],"about":[{"href":"https:\/\/taxi-beauvais-aeroport.com\/en\/wp-json\/wp\/v2\/types\/page"}],"author":[{"embeddable":true,"href":"https:\/\/taxi-beauvais-aeroport.com\/en\/wp-json\/wp\/v2\/users\/3"}],"replies":[{"embeddable":true,"href":"https:\/\/taxi-beauvais-aeroport.com\/en\/wp-json\/wp\/v2\/comments?post=714"}],"version-history":[{"count":0,"href":"https:\/\/taxi-beauvais-aeroport.com\/en\/wp-json\/wp\/v2\/pages\/714\/revisions"}],"wp:attachment":[{"href":"https:\/\/taxi-beauvais-aeroport.com\/en\/wp-json\/wp\/v2\/media?parent=714"}],"curies":[{"name":"wp","href":"https:\/\/api.w.org\/{rel}","templated":true}]}}